{"id":178,"date":"2025-05-08T15:03:01","date_gmt":"2025-05-08T13:03:01","guid":{"rendered":"https:\/\/psykosocialstoette.dk\/?page_id=178"},"modified":"2025-10-13T08:53:03","modified_gmt":"2025-10-13T06:53:03","slug":"cookiepolitik","status":"publish","type":"page","link":"https:\/\/psykosocialstoette.dk\/en\/cookiepolitik\/","title":{"rendered":"Cookiepolitik"},"content":{"rendered":"<div data-elementor-type=\"wp-page\" data-elementor-id=\"178\" class=\"elementor elementor-178\" data-elementor-post-type=\"page\">\n\t\t\t\t<div class=\"elementor-element elementor-element-3e5a76f e-flex e-con-boxed e-con e-parent\" data-id=\"3e5a76f\" data-element_type=\"container\" data-settings=\"{&quot;background_background&quot;:&quot;classic&quot;}\">\n\t\t\t\t\t<div class=\"e-con-inner\">\n\t\t\t\t<div class=\"elementor-element elementor-element-abae6f7 elementor-widget__width-auto elementor-widget elementor-widget-heading\" data-id=\"abae6f7\" data-element_type=\"widget\" data-widget_type=\"heading.default\">\n\t\t\t\t<div class=\"elementor-widget-container\">\n\t\t\t\t\t<p class=\"elementor-heading-title elementor-size-default\">Cookiepolitik<\/p>\t\t\t\t<\/div>\n\t\t\t\t<\/div>\n\t\t\t\t<div class=\"elementor-element elementor-element-43ac45a elementor-widget elementor-widget-heading\" data-id=\"43ac45a\" data-element_type=\"widget\" data-widget_type=\"heading.default\">\n\t\t\t\t<div class=\"elementor-widget-container\">\n\t\t\t\t\t<h1 class=\"elementor-heading-title elementor-size-default\">Vi passer p\u00e5 dine data \u2013 ogs\u00e5 n\u00e5r det g\u00e6lder cookies<\/h1>\t\t\t\t<\/div>\n\t\t\t\t<\/div>\n\t\t\t\t<div class=\"elementor-element elementor-element-2aa7478 elementor-widget__width-initial elementor-widget elementor-widget-text-editor\" data-id=\"2aa7478\" data-element_type=\"widget\" data-widget_type=\"text-editor.default\">\n\t\t\t\t<div class=\"elementor-widget-container\">\n\t\t\t\t\t\t\t\t\t<p data-start=\"354\" data-end=\"541\">Her kan du l\u00e6se, hvordan og hvorfor vi bruger cookies p\u00e5 vores website. Vi \u00f8nsker at give dig en tryg og gennemsigtig oplevelse, hvor du har kontrol over dine data.<\/p>\t\t\t\t\t\t\t\t<\/div>\n\t\t\t\t<\/div>\n\t\t<div class=\"elementor-element elementor-element-4187f85 e-con-full e-flex e-con e-child\" data-id=\"4187f85\" data-element_type=\"container\">\n\t\t\t\t<div class=\"elementor-element elementor-element-92ebf7f elementor-mobile-align-justify elementor-widget-mobile__width-inherit elementor-widget elementor-widget-button\" data-id=\"92ebf7f\" data-element_type=\"widget\" data-widget_type=\"button.default\">\n\t\t\t\t<div class=\"elementor-widget-container\">\n\t\t\t\t\t\t\t\t\t<div class=\"elementor-button-wrapper\">\n\t\t\t\t\t<a class=\"elementor-button elementor-button-link elementor-size-sm elementor-animation-grow\" href=\"https:\/\/psykosocialstoette.dk\/en\/\">\n\t\t\t\t\t\t<span class=\"elementor-button-content-wrapper\">\n\t\t\t\t\t\t\t\t\t<span class=\"elementor-button-text\">Tilbage til forsiden<\/span>\n\t\t\t\t\t<\/span>\n\t\t\t\t\t<\/a>\n\t\t\t\t<\/div>\n\t\t\t\t\t\t\t\t<\/div>\n\t\t\t\t<\/div>\n\t\t\t\t<\/div>\n\t\t\t\t\t<\/div>\n\t\t\t\t<\/div>\n\t\t<div class=\"elementor-element elementor-element-8f4e656 e-flex e-con-boxed e-con e-parent\" data-id=\"8f4e656\" data-element_type=\"container\">\n\t\t\t\t\t<div class=\"e-con-inner\">\n\t\t\t\t<div class=\"elementor-element elementor-element-8571b94 elementor-widget elementor-widget-text-editor\" data-id=\"8571b94\" data-element_type=\"widget\" data-widget_type=\"text-editor.default\">\n\t\t\t\t<div class=\"elementor-widget-container\">\n\t\t\t\t\t\t\t\t\t<p><strong>Brug af cookies<\/strong><\/p><p>Her kan du l\u00e6se Psykosocial St\u00f8tte politik for anvendelsen af cookies ved bes\u00f8g p\u00e5 psykosocialstoette.dk\/en. Ved bes\u00f8g p\u00e5 Psykosocial St\u00f8tte hjemmeside accepterer du nedenst\u00e5ende politik om cookies.<\/p><p><a href=\"https:\/\/psykosocialstoette.dk\/en\/privatlivspolitik\/\">Klik her for at g\u00e5 til privatlivspolitik<\/a><\/p><h2>Hvad er en cookie?<\/h2><p>En cookie er en lille tekstfil, denne gemmes i webbrowseren p\u00e5 din computer, smartphone, iPad eller hvad du ellers g\u00e5r p\u00e5 nettet med. Cookies g\u00f8r det muligt at identificere din computer mv. og samle information om, din adf\u00e6rd p\u00e5 nettet, herunder hvilke sider og funktioner, der bes\u00f8ges med din browser, samt sikre at den fungerer rent teknisk. I nogle tilf\u00e6lde er cookies n\u00f8dvendige for at f\u00e5 et website til at fungere efter hensigten. En cookie er statisk og \u00a0kan ikke sprede computervirus eller p\u00e5 andre m\u00e5der distribuere skadelige programmer. Den er anonym og indeholder ingen personoplysninger. Cookies anvendes af stort set alle websites.<\/p><h2>Typer af cookies<\/h2><p>Der findes to typer af cookies: Sessionscookies og permanente cookies. Sessioncookies slettes automatisk fra browseren, n\u00e5r du lukker den. Permanente cookies gemmes p\u00e5 din enhed i en bestemt tidsperiode hvorefter de udl\u00f8ber.<\/p><p>Der skelnes desuden mellem f\u00f8rstepartscookies og tredjepartscookies. F\u00f8rstepartscookies s\u00e6ttes af den hjemmeside du bes\u00f8ger, tredjepartscookies s\u00e6ttes af en tredjepart, som har elementer indlejret p\u00e5 den hjemmeside, du bes\u00f8ger. Tredjepartscookies s\u00e6ttes bl.a. af webanalyseprogrammer, som f.eks. Google Analytics og WebTrends.<\/p><p>Denne Cookiepolitik g\u00e6lder kun for psykosocialstoette.dk\/en. Ved klik p\u00e5 funktioner, der navigerer til andre websites har Psykosocial St\u00f8tte ikke ansvar for eller kontrol over, hvilke cookies, der anvendes.<\/p><h2>Cookies p\u00e5 psykosocialstoette.dk\/en<\/h2><p><div class=\"cookie-manager--cookie-table\" data-cookie-declaration=\"\"><\/div><\/p><p>Findes ingen \u2013 listes almindelige cookies<\/p><h2>Hvordan undg\u00e5r eller sletter du cookies<\/h2><p>Hvis du ikke \u00f8nsker cookies fra psykosocialstoette.dk\/en kan du altid blokere for alle cookies, slette eksisterende cookies p\u00e5 din computer eller modtage en advarsel f\u00f8r, der gemmes en cookie. Alle browsere tillader, at du sletter cookies enkeltvis eller alle p\u00e5 en gang. Hvordan du g\u00f8r det, afh\u00e6nger af, hvilken browser du anvender. F\u00f8lg links nedenfor f\u00e5r at f\u00e5 vejledninger til din browser. Husk, at bruger du flere browsere, skal du slette cookies i dem alle.<\/p><ul><li><a href=\"http:\/\/windows.microsoft.com\/da-DK\/windows-vista\/Delete-your-Internet-cookies\" target=\"_blank\" rel=\"noopener\">Vejledning i at slette cookies p\u00e5 Microsoft Internet Explorer<\/a><\/li><li><a href=\"https:\/\/support.apple.com\/kb\/PH17191\" target=\"_blank\" rel=\"noopener\">Vejledning i at slette cookies p\u00e5 Safari browser<\/a><\/li><li><a href=\"http:\/\/support.google.com\/chrome\/bin\/answer.py?hl=da&amp;answer=95647\" target=\"_blank\" rel=\"noopener\">Vejledning i at slette cookies p\u00e5 Google Chrome browser<\/a><\/li><li><a href=\"http:\/\/support.mozilla.org\/da\/kb\/delete-cookies-remove-info-websites-stored?redirectlocale=en-US&amp;redirectslug=Deleting+cookies\" target=\"_blank\" rel=\"noopener\">Vejledning i at slette cookies p\u00e5 Mozilla Firefox browser<\/a><\/li><li><a href=\"http:\/\/timeread.hubpages.com\/hub\/How-to-delete-internet-cookies-on-your-Droid-or-any-Android-device\" target=\"_blank\" rel=\"noopener\">Vejledning i at slette cookies fra Android telefoner<\/a><\/li><li><a href=\"http:\/\/help.opera.com\/Windows\/9.51\/da\/cookies.html\" target=\"_blank\" rel=\"noopener\">Vejledning i at slette cookies p\u00e5 Opera browser<\/a><\/li><li><a href=\"http:\/\/support.apple.com\/kb\/HT1677?viewlocale=da_DK\" target=\"_blank\" rel=\"noopener\">Vejledning i at slette cookies p\u00e5 iPad, iPhone, iPod touch<\/a><\/li><li><a href=\"https:\/\/kb.wisc.edu\/page.php?id=24078\" target=\"_blank\" rel=\"noopener\">Vejledning i at slette cookies fra Windows Phone<\/a><\/li><\/ul><h2>Hvad sker der hvis du ikke accepterer eller sletter cookies<\/h2><p>Hvis du v\u00e6lger at blokere for alle cookies eller sletter eksisterende cookies p\u00e5 din computer, kan du stadig l\u00e6se tekst p\u00e5 psykosocialstoette.dk\/en. Dog kan der v\u00e6re funktioner og services du ikke kan bruge, fordi de foruds\u00e6tter, at webstedet kan huske de valg du foretager.<\/p><h2>Regler<\/h2><p>De regler, der g\u00e6lder for Psykosocial St\u00f8tte brug af cookies, findes nedenfor.<\/p><p><a href=\"https:\/\/www.retsinformation.dk\/Forms\/R0710.aspx?id=139279\" target=\"_blank\" rel=\"noopener\">Bekendtg\u00f8relse om cookies<br \/><\/a><a href=\"https:\/\/www.datatilsynet.dk\/regler-og-vejledning\/cookies-og-lignende-teknologier\" target=\"_blank\" rel=\"noopener\">Vejledning om cookies<\/a><\/p><h2>Contact<\/h2><p>Du er velkommen til at kontakte os hvis du har yderligere sp\u00f8rgsm\u00e5l til anvendelsen af cookies p\u00e5 psykosocialstoette.dk\/en.<\/p>\t\t\t\t\t\t\t\t<\/div>\n\t\t\t\t<\/div>\n\t\t\t\t\t<\/div>\n\t\t\t\t<\/div>\n\t\t\t\t<\/div>","protected":false},"excerpt":{"rendered":"<p>Cookiepolitik Vi passer p\u00e5 dine data \u2013 ogs\u00e5 n\u00e5r det g\u00e6lder cookies Her kan du l\u00e6se, hvordan og hvorfor vi bruger cookies p\u00e5 vores website. Vi \u00f8nsker at give dig en tryg og gennemsigtig oplevelse, hvor du har kontrol over dine data. Tilbage til forsiden Brug af cookies Her kan du l\u00e6se politik for anvendelsen [&hellip;]<\/p>\n","protected":false},"author":2,"featured_media":0,"parent":0,"menu_order":0,"comment_status":"closed","ping_status":"closed","template":"","meta":{"_acf_changed":false,"footnotes":""},"class_list":["post-178","page","type-page","status-publish","hentry"],"acf":[],"yoast_head":"<!-- This site is optimized with the Yoast SEO plugin v26.7 - https:\/\/yoast.com\/wordpress\/plugins\/seo\/ -->\n<title>Cookiepolitik - Psykosocial St\u00f8tte<\/title>\n<meta name=\"robots\" content=\"index, follow, max-snippet:-1, max-image-preview:large, max-video-preview:-1\" \/>\n<link rel=\"canonical\" href=\"https:\/\/psykosocialstoette.dk\/en\/cookiepolitik\/\" \/>\n<meta property=\"og:locale\" content=\"en_GB\" \/>\n<meta property=\"og:type\" content=\"article\" \/>\n<meta property=\"og:title\" content=\"Cookiepolitik - Psykosocial St\u00f8tte\" \/>\n<meta property=\"og:description\" content=\"Cookiepolitik Vi passer p\u00e5 dine data \u2013 ogs\u00e5 n\u00e5r det g\u00e6lder cookies Her kan du l\u00e6se, hvordan og hvorfor vi bruger cookies p\u00e5 vores website. Vi \u00f8nsker at give dig en tryg og gennemsigtig oplevelse, hvor du har kontrol over dine data. Tilbage til forsiden Brug af cookies Her kan du l\u00e6se politik for anvendelsen [&hellip;]\" \/>\n<meta property=\"og:url\" content=\"https:\/\/psykosocialstoette.dk\/en\/cookiepolitik\/\" \/>\n<meta property=\"og:site_name\" content=\"Psykosocial St\u00f8tte\" \/>\n<meta property=\"article:modified_time\" content=\"2025-10-13T06:53:03+00:00\" \/>\n<meta name=\"twitter:card\" content=\"summary_large_image\" \/>\n<meta name=\"twitter:label1\" content=\"Estimated reading time\" \/>\n\t<meta name=\"twitter:data1\" content=\"26 minutes\" \/>\n<script type=\"application\/ld+json\" class=\"yoast-schema-graph\">{\"@context\":\"https:\/\/schema.org\",\"@graph\":[{\"@type\":\"WebPage\",\"@id\":\"https:\/\/psykosocialstoette.dk\/cookiepolitik\/\",\"url\":\"https:\/\/psykosocialstoette.dk\/cookiepolitik\/\",\"name\":\"Cookiepolitik - Psykosocial St\u00f8tte\",\"isPartOf\":{\"@id\":\"https:\/\/psykosocialstoette.dk\/#website\"},\"datePublished\":\"2025-05-08T13:03:01+00:00\",\"dateModified\":\"2025-10-13T06:53:03+00:00\",\"breadcrumb\":{\"@id\":\"https:\/\/psykosocialstoette.dk\/cookiepolitik\/#breadcrumb\"},\"inLanguage\":\"en-GB\",\"potentialAction\":[{\"@type\":\"ReadAction\",\"target\":[\"https:\/\/psykosocialstoette.dk\/cookiepolitik\/\"]}]},{\"@type\":\"BreadcrumbList\",\"@id\":\"https:\/\/psykosocialstoette.dk\/cookiepolitik\/#breadcrumb\",\"itemListElement\":[{\"@type\":\"ListItem\",\"position\":1,\"name\":\"Home\",\"item\":\"https:\/\/psykosocialstoette.dk\/\"},{\"@type\":\"ListItem\",\"position\":2,\"name\":\"Cookiepolitik\"}]},{\"@type\":\"WebSite\",\"@id\":\"https:\/\/psykosocialstoette.dk\/#website\",\"url\":\"https:\/\/psykosocialstoette.dk\/\",\"name\":\"Psykosocial St\u00f8tte\",\"description\":\"\",\"publisher\":{\"@id\":\"https:\/\/psykosocialstoette.dk\/#organization\"},\"potentialAction\":[{\"@type\":\"SearchAction\",\"target\":{\"@type\":\"EntryPoint\",\"urlTemplate\":\"https:\/\/psykosocialstoette.dk\/?s={search_term_string}\"},\"query-input\":{\"@type\":\"PropertyValueSpecification\",\"valueRequired\":true,\"valueName\":\"search_term_string\"}}],\"inLanguage\":\"en-GB\"},{\"@type\":\"Organization\",\"@id\":\"https:\/\/psykosocialstoette.dk\/#organization\",\"name\":\"Psykosocial St\u00f8tte\",\"url\":\"https:\/\/psykosocialstoette.dk\/\",\"logo\":{\"@type\":\"ImageObject\",\"inLanguage\":\"en-GB\",\"@id\":\"https:\/\/psykosocialstoette.dk\/#\/schema\/logo\/image\/\",\"url\":\"https:\/\/psykosocialstoette.dk\/wp-content\/uploads\/2024\/10\/LOGO-2025-12-18T173153.742.png\",\"contentUrl\":\"https:\/\/psykosocialstoette.dk\/wp-content\/uploads\/2024\/10\/LOGO-2025-12-18T173153.742.png\",\"width\":630,\"height\":270,\"caption\":\"Psykosocial St\u00f8tte\"},\"image\":{\"@id\":\"https:\/\/psykosocialstoette.dk\/#\/schema\/logo\/image\/\"}}]}<\/script>\n<!-- \/ Yoast SEO plugin. -->","yoast_head_json":{"title":"Cookiepolitik - Psykosocial St\u00f8tte","robots":{"index":"index","follow":"follow","max-snippet":"max-snippet:-1","max-image-preview":"max-image-preview:large","max-video-preview":"max-video-preview:-1"},"canonical":"https:\/\/psykosocialstoette.dk\/en\/cookiepolitik\/","og_locale":"en_GB","og_type":"article","og_title":"Cookiepolitik - Psykosocial St\u00f8tte","og_description":"Cookiepolitik Vi passer p\u00e5 dine data \u2013 ogs\u00e5 n\u00e5r det g\u00e6lder cookies Her kan du l\u00e6se, hvordan og hvorfor vi bruger cookies p\u00e5 vores website. Vi \u00f8nsker at give dig en tryg og gennemsigtig oplevelse, hvor du har kontrol over dine data. Tilbage til forsiden Brug af cookies Her kan du l\u00e6se politik for anvendelsen [&hellip;]","og_url":"https:\/\/psykosocialstoette.dk\/en\/cookiepolitik\/","og_site_name":"Psykosocial St\u00f8tte","article_modified_time":"2025-10-13T06:53:03+00:00","twitter_card":"summary_large_image","twitter_misc":{"Estimated reading time":"26 minutes"},"schema":{"@context":"https:\/\/schema.org","@graph":[{"@type":"WebPage","@id":"https:\/\/psykosocialstoette.dk\/cookiepolitik\/","url":"https:\/\/psykosocialstoette.dk\/cookiepolitik\/","name":"Cookiepolitik - Psykosocial St\u00f8tte","isPartOf":{"@id":"https:\/\/psykosocialstoette.dk\/#website"},"datePublished":"2025-05-08T13:03:01+00:00","dateModified":"2025-10-13T06:53:03+00:00","breadcrumb":{"@id":"https:\/\/psykosocialstoette.dk\/cookiepolitik\/#breadcrumb"},"inLanguage":"en-GB","potentialAction":[{"@type":"ReadAction","target":["https:\/\/psykosocialstoette.dk\/cookiepolitik\/"]}]},{"@type":"BreadcrumbList","@id":"https:\/\/psykosocialstoette.dk\/cookiepolitik\/#breadcrumb","itemListElement":[{"@type":"ListItem","position":1,"name":"Home","item":"https:\/\/psykosocialstoette.dk\/"},{"@type":"ListItem","position":2,"name":"Cookiepolitik"}]},{"@type":"WebSite","@id":"https:\/\/psykosocialstoette.dk\/#website","url":"https:\/\/psykosocialstoette.dk\/","name":"Psykosocial St\u00f8tte","description":"","publisher":{"@id":"https:\/\/psykosocialstoette.dk\/#organization"},"potentialAction":[{"@type":"SearchAction","target":{"@type":"EntryPoint","urlTemplate":"https:\/\/psykosocialstoette.dk\/?s={search_term_string}"},"query-input":{"@type":"PropertyValueSpecification","valueRequired":true,"valueName":"search_term_string"}}],"inLanguage":"en-GB"},{"@type":"Organization","@id":"https:\/\/psykosocialstoette.dk\/#organization","name":"Psykosocial St\u00f8tte","url":"https:\/\/psykosocialstoette.dk\/","logo":{"@type":"ImageObject","inLanguage":"en-GB","@id":"https:\/\/psykosocialstoette.dk\/#\/schema\/logo\/image\/","url":"https:\/\/psykosocialstoette.dk\/wp-content\/uploads\/2024\/10\/LOGO-2025-12-18T173153.742.png","contentUrl":"https:\/\/psykosocialstoette.dk\/wp-content\/uploads\/2024\/10\/LOGO-2025-12-18T173153.742.png","width":630,"height":270,"caption":"Psykosocial St\u00f8tte"},"image":{"@id":"https:\/\/psykosocialstoette.dk\/#\/schema\/logo\/image\/"}}]}},"_links":{"self":[{"href":"https:\/\/psykosocialstoette.dk\/en\/wp-json\/wp\/v2\/pages\/178","targetHints":{"allow":["GET"]}}],"collection":[{"href":"https:\/\/psykosocialstoette.dk\/en\/wp-json\/wp\/v2\/pages"}],"about":[{"href":"https:\/\/psykosocialstoette.dk\/en\/wp-json\/wp\/v2\/types\/page"}],"author":[{"embeddable":true,"href":"https:\/\/psykosocialstoette.dk\/en\/wp-json\/wp\/v2\/users\/2"}],"replies":[{"embeddable":true,"href":"https:\/\/psykosocialstoette.dk\/en\/wp-json\/wp\/v2\/comments?post=178"}],"version-history":[{"count":34,"href":"https:\/\/psykosocialstoette.dk\/en\/wp-json\/wp\/v2\/pages\/178\/revisions"}],"predecessor-version":[{"id":1808,"href":"https:\/\/psykosocialstoette.dk\/en\/wp-json\/wp\/v2\/pages\/178\/revisions\/1808"}],"wp:attachment":[{"href":"https:\/\/psykosocialstoette.dk\/en\/wp-json\/wp\/v2\/media?parent=178"}],"curies":[{"name":"wp","href":"https:\/\/api.w.org\/{rel}","templated":true}]}}