{"id":1919,"date":"2025-12-19T07:57:53","date_gmt":"2025-12-19T06:57:53","guid":{"rendered":"https:\/\/psykosocialstoette.dk\/?page_id=1919"},"modified":"2026-02-20T08:56:17","modified_gmt":"2026-02-20T07:56:17","slug":"om-os","status":"publish","type":"page","link":"https:\/\/psykosocialstoette.dk\/en\/om-os\/","title":{"rendered":"About"},"content":{"rendered":"<div data-elementor-type=\"wp-page\" data-elementor-id=\"1919\" class=\"elementor elementor-1919\" data-elementor-post-type=\"page\">\n\t\t\t\t<div class=\"elementor-element elementor-element-10d6afb e-flex e-con-boxed e-con e-parent\" data-id=\"10d6afb\" data-element_type=\"container\" data-settings=\"{&quot;background_background&quot;:&quot;classic&quot;}\">\n\t\t\t\t\t<div class=\"e-con-inner\">\n\t\t<div class=\"elementor-element elementor-element-e05535a e-con-full e-flex e-con e-child\" data-id=\"e05535a\" data-element_type=\"container\">\n\t\t\t\t<div class=\"elementor-element elementor-element-a80f742 elementor-widget__width-auto elementor-widget elementor-widget-heading\" data-id=\"a80f742\" data-element_type=\"widget\" data-widget_type=\"heading.default\">\n\t\t\t\t<div class=\"elementor-widget-container\">\n\t\t\t\t\t<p class=\"elementor-heading-title elementor-size-default\">About<\/p>\t\t\t\t<\/div>\n\t\t\t\t<\/div>\n\t\t\t\t<div class=\"elementor-element elementor-element-8a12178 elementor-widget elementor-widget-heading\" data-id=\"8a12178\" data-element_type=\"widget\" data-widget_type=\"heading.default\">\n\t\t\t\t<div class=\"elementor-widget-container\">\n\t\t\t\t\t<h1 class=\"elementor-heading-title elementor-size-default\">Cultural understanding, presence and experience<\/h1>\t\t\t\t<\/div>\n\t\t\t\t<\/div>\n\t\t\t\t<div class=\"elementor-element elementor-element-bc7bdf3 elementor-widget__width-initial elementor-widget elementor-widget-text-editor\" data-id=\"bc7bdf3\" data-element_type=\"widget\" data-widget_type=\"text-editor.default\">\n\t\t\t\t<div class=\"elementor-widget-container\">\n\t\t\t\t\t\t\t\t\t<p data-start=\"198\" data-end=\"446\">We draw on both Lebanese and Danish cultural roots, and this dual perspective is a key part of our approach. In our work, we support people in finding balance and wellbeing \u2013 especially when navigating life between different cultures.<\/p>\t\t\t\t\t\t\t\t<\/div>\n\t\t\t\t<\/div>\n\t\t<div class=\"elementor-element elementor-element-be97df1 e-con-full e-flex e-con e-child\" data-id=\"be97df1\" data-element_type=\"container\">\n\t\t\t\t<div class=\"elementor-element elementor-element-5bfc86b elementor-mobile-align-justify elementor-widget-mobile__width-inherit elementor-align-justify elementor-widget__width-initial elementor-widget elementor-widget-button\" data-id=\"5bfc86b\" data-element_type=\"widget\" data-widget_type=\"button.default\">\n\t\t\t\t<div class=\"elementor-widget-container\">\n\t\t\t\t\t\t\t\t\t<div class=\"elementor-button-wrapper\">\n\t\t\t\t\t<a class=\"elementor-button elementor-button-link elementor-size-sm\" href=\"https:\/\/psykosocialstoette.dk\/en\/kontakt\/\">\n\t\t\t\t\t\t<span class=\"elementor-button-content-wrapper\">\n\t\t\t\t\t\t\t\t\t<span class=\"elementor-button-text\">Contact<\/span>\n\t\t\t\t\t<\/span>\n\t\t\t\t\t<\/a>\n\t\t\t\t<\/div>\n\t\t\t\t\t\t\t\t<\/div>\n\t\t\t\t<\/div>\n\t\t\t\t<div class=\"elementor-element elementor-element-a295f08 elementor-mobile-align-justify elementor-widget-mobile__width-inherit elementor-align-justify elementor-widget__width-initial elementor-widget elementor-widget-button\" data-id=\"a295f08\" data-element_type=\"widget\" data-widget_type=\"button.default\">\n\t\t\t\t<div class=\"elementor-widget-container\">\n\t\t\t\t\t\t\t\t\t<div class=\"elementor-button-wrapper\">\n\t\t\t\t\t<a class=\"elementor-button elementor-button-link elementor-size-sm\" href=\"tel:+45%2081%2071%2020%2085\">\n\t\t\t\t\t\t<span class=\"elementor-button-content-wrapper\">\n\t\t\t\t\t\t\t\t\t<span class=\"elementor-button-text\">+45 81 71 20 85<\/span>\n\t\t\t\t\t<\/span>\n\t\t\t\t\t<\/a>\n\t\t\t\t<\/div>\n\t\t\t\t\t\t\t\t<\/div>\n\t\t\t\t<\/div>\n\t\t\t\t<\/div>\n\t\t\t\t<\/div>\n\t\t\t\t\t<\/div>\n\t\t\t\t<\/div>\n\t\t<div class=\"elementor-element elementor-element-f8dce8e e-flex e-con-boxed e-con e-parent\" data-id=\"f8dce8e\" data-element_type=\"container\" data-settings=\"{&quot;background_background&quot;:&quot;classic&quot;}\">\n\t\t\t\t\t<div class=\"e-con-inner\">\n\t\t<div class=\"elementor-element elementor-element-44403e4 e-con-full e-flex e-con e-child\" data-id=\"44403e4\" data-element_type=\"container\">\n\t\t\t\t<div class=\"elementor-element elementor-element-8e11986 elementor-widget__width-auto elementor-widget elementor-widget-heading\" data-id=\"8e11986\" data-element_type=\"widget\" data-widget_type=\"heading.default\">\n\t\t\t\t<div class=\"elementor-widget-container\">\n\t\t\t\t\t<p class=\"elementor-heading-title elementor-size-default\">Background &amp; approach<\/p>\t\t\t\t<\/div>\n\t\t\t\t<\/div>\n\t\t\t\t<div class=\"elementor-element elementor-element-0666f39 elementor-widget elementor-widget-heading\" data-id=\"0666f39\" data-element_type=\"widget\" data-widget_type=\"heading.default\">\n\t\t\t\t<div class=\"elementor-widget-container\">\n\t\t\t\t\t<h2 class=\"elementor-heading-title elementor-size-default\">Who am I?<\/h2>\t\t\t\t<\/div>\n\t\t\t\t<\/div>\n\t\t\t\t<div class=\"elementor-element elementor-element-aa78e04 elementor-widget elementor-widget-text-editor\" data-id=\"aa78e04\" data-element_type=\"widget\" data-widget_type=\"text-editor.default\">\n\t\t\t\t<div class=\"elementor-widget-container\">\n\t\t\t\t\t\t\t\t\t<p>I am a woman born in Lebanon in 1975, and I came to Denmark as a teenager. My background includes both my Arab and Islamic culture, which I carry with me, while many years in Denmark have also given me Danish culture and lived experience. This dual cultural understanding is an important part of how I work as a therapist.<\/p><p>In my day-to-day work, I support families and take on assignments in collaboration with local authorities, helping people from minority backgrounds navigate between different cultures, reduce worries and find balance in everyday life. My aim is to help people understand themselves better and create wellbeing in a life where two cultures meet.<\/p><p>In my private life, I spend time with my children, who were born and raised in Denmark, and through my family I also have personal experience of balancing culture, identity and everyday life.<\/p>\t\t\t\t\t\t\t\t<\/div>\n\t\t\t\t<\/div>\n\t\t<div class=\"elementor-element elementor-element-f12b58b e-con-full e-flex e-con e-child\" data-id=\"f12b58b\" data-element_type=\"container\">\n\t\t\t\t<div class=\"elementor-element elementor-element-7bd6764 elementor-mobile-align-justify elementor-widget-mobile__width-inherit elementor-align-justify elementor-widget__width-initial elementor-widget elementor-widget-button\" data-id=\"7bd6764\" data-element_type=\"widget\" data-widget_type=\"button.default\">\n\t\t\t\t<div class=\"elementor-widget-container\">\n\t\t\t\t\t\t\t\t\t<div class=\"elementor-button-wrapper\">\n\t\t\t\t\t<a class=\"elementor-button elementor-button-link elementor-size-sm\" href=\"https:\/\/psykosocialstoette.dk\/en\/kontakt\/\">\n\t\t\t\t\t\t<span class=\"elementor-button-content-wrapper\">\n\t\t\t\t\t\t\t\t\t<span class=\"elementor-button-text\">Contact<\/span>\n\t\t\t\t\t<\/span>\n\t\t\t\t\t<\/a>\n\t\t\t\t<\/div>\n\t\t\t\t\t\t\t\t<\/div>\n\t\t\t\t<\/div>\n\t\t\t\t<div class=\"elementor-element elementor-element-73e43df elementor-mobile-align-justify elementor-widget-mobile__width-inherit elementor-align-justify elementor-widget__width-initial elementor-widget elementor-widget-button\" data-id=\"73e43df\" data-element_type=\"widget\" data-widget_type=\"button.default\">\n\t\t\t\t<div class=\"elementor-widget-container\">\n\t\t\t\t\t\t\t\t\t<div class=\"elementor-button-wrapper\">\n\t\t\t\t\t<a class=\"elementor-button elementor-button-link elementor-size-sm\" href=\"tel:+45%2081%2071%2020%2085\">\n\t\t\t\t\t\t<span class=\"elementor-button-content-wrapper\">\n\t\t\t\t\t\t\t\t\t<span class=\"elementor-button-text\">+45 81 71 20 85<\/span>\n\t\t\t\t\t<\/span>\n\t\t\t\t\t<\/a>\n\t\t\t\t<\/div>\n\t\t\t\t\t\t\t\t<\/div>\n\t\t\t\t<\/div>\n\t\t\t\t<\/div>\n\t\t\t\t<\/div>\n\t\t<div class=\"elementor-element elementor-element-7163d0f e-con-full e-flex e-con e-child\" data-id=\"7163d0f\" data-element_type=\"container\" data-settings=\"{&quot;background_background&quot;:&quot;classic&quot;}\">\n\t\t<div class=\"elementor-element elementor-element-537088a e-con-full e-flex e-con e-child\" data-id=\"537088a\" data-element_type=\"container\" data-settings=\"{&quot;background_background&quot;:&quot;classic&quot;}\">\n\t\t\t\t<\/div>\n\t\t\t\t<\/div>\n\t\t\t\t\t<\/div>\n\t\t\t\t<\/div>\n\t\t\t\t<\/div>","protected":false},"excerpt":{"rendered":"<p>Om os Kulturforst\u00e5else, n\u00e6rv\u00e6r og erfaring Vi har r\u00f8dder i b\u00e5de libanesisk og dansk kultur, og den dobbelte forst\u00e5else er en vigtig del af vores tilgang. I vores arbejde hj\u00e6lper vi mennesker med at finde balance og trivsel \u2013 s\u00e6rligt i m\u00f8det mellem forskellige kulturer. Kontakt Baggrund og tilgang Hvem er jeg? Jeg er en [&hellip;]<\/p>\n","protected":false},"author":7,"featured_media":0,"parent":0,"menu_order":0,"comment_status":"closed","ping_status":"closed","template":"","meta":{"_acf_changed":false,"footnotes":""},"class_list":["post-1919","page","type-page","status-publish","hentry"],"acf":[],"yoast_head":"<!-- This site is optimized with the Yoast SEO plugin v26.7 - https:\/\/yoast.com\/wordpress\/plugins\/seo\/ -->\n<title>Om Psykosocial St\u00f8tte | Kulturforst\u00e5else og tryghed i arbejdet<\/title>\n<meta name=\"description\" content=\"L\u00e6s om baggrunden og tilgangen bag Psykosocial St\u00f8tte \u2013 erfaring i samarbejde med kommuner og forst\u00e5else for minoritets- og kulturdilemmaer.\" \/>\n<meta name=\"robots\" content=\"index, follow, max-snippet:-1, max-image-preview:large, max-video-preview:-1\" \/>\n<link rel=\"canonical\" href=\"https:\/\/psykosocialstoette.dk\/en\/om-os\/\" \/>\n<meta property=\"og:locale\" content=\"en_GB\" \/>\n<meta property=\"og:type\" content=\"article\" \/>\n<meta property=\"og:title\" content=\"Om Psykosocial St\u00f8tte | Kulturforst\u00e5else og tryghed i arbejdet\" \/>\n<meta property=\"og:description\" content=\"L\u00e6s om baggrunden og tilgangen bag Psykosocial St\u00f8tte \u2013 erfaring i samarbejde med kommuner og forst\u00e5else for minoritets- og kulturdilemmaer.\" \/>\n<meta property=\"og:url\" content=\"https:\/\/psykosocialstoette.dk\/en\/om-os\/\" \/>\n<meta property=\"og:site_name\" content=\"Psykosocial St\u00f8tte\" \/>\n<meta property=\"article:modified_time\" content=\"2026-02-20T07:56:17+00:00\" \/>\n<meta name=\"twitter:card\" content=\"summary_large_image\" \/>\n<meta name=\"twitter:label1\" content=\"Estimated reading time\" \/>\n\t<meta name=\"twitter:data1\" content=\"2 minutes\" \/>\n<script type=\"application\/ld+json\" class=\"yoast-schema-graph\">{\"@context\":\"https:\/\/schema.org\",\"@graph\":[{\"@type\":\"WebPage\",\"@id\":\"https:\/\/psykosocialstoette.dk\/om-os\/\",\"url\":\"https:\/\/psykosocialstoette.dk\/om-os\/\",\"name\":\"Om Psykosocial St\u00f8tte | Kulturforst\u00e5else og tryghed i arbejdet\",\"isPartOf\":{\"@id\":\"https:\/\/psykosocialstoette.dk\/#website\"},\"datePublished\":\"2025-12-19T06:57:53+00:00\",\"dateModified\":\"2026-02-20T07:56:17+00:00\",\"description\":\"L\u00e6s om baggrunden og tilgangen bag Psykosocial St\u00f8tte \u2013 erfaring i samarbejde med kommuner og forst\u00e5else for minoritets- og kulturdilemmaer.\",\"breadcrumb\":{\"@id\":\"https:\/\/psykosocialstoette.dk\/om-os\/#breadcrumb\"},\"inLanguage\":\"en-GB\",\"potentialAction\":[{\"@type\":\"ReadAction\",\"target\":[\"https:\/\/psykosocialstoette.dk\/om-os\/\"]}]},{\"@type\":\"BreadcrumbList\",\"@id\":\"https:\/\/psykosocialstoette.dk\/om-os\/#breadcrumb\",\"itemListElement\":[{\"@type\":\"ListItem\",\"position\":1,\"name\":\"Home\",\"item\":\"https:\/\/psykosocialstoette.dk\/\"},{\"@type\":\"ListItem\",\"position\":2,\"name\":\"Om os\"}]},{\"@type\":\"WebSite\",\"@id\":\"https:\/\/psykosocialstoette.dk\/#website\",\"url\":\"https:\/\/psykosocialstoette.dk\/\",\"name\":\"Psykosocial St\u00f8tte\",\"description\":\"\",\"publisher\":{\"@id\":\"https:\/\/psykosocialstoette.dk\/#organization\"},\"potentialAction\":[{\"@type\":\"SearchAction\",\"target\":{\"@type\":\"EntryPoint\",\"urlTemplate\":\"https:\/\/psykosocialstoette.dk\/?s={search_term_string}\"},\"query-input\":{\"@type\":\"PropertyValueSpecification\",\"valueRequired\":true,\"valueName\":\"search_term_string\"}}],\"inLanguage\":\"en-GB\"},{\"@type\":\"Organization\",\"@id\":\"https:\/\/psykosocialstoette.dk\/#organization\",\"name\":\"Psykosocial St\u00f8tte\",\"url\":\"https:\/\/psykosocialstoette.dk\/\",\"logo\":{\"@type\":\"ImageObject\",\"inLanguage\":\"en-GB\",\"@id\":\"https:\/\/psykosocialstoette.dk\/#\/schema\/logo\/image\/\",\"url\":\"https:\/\/psykosocialstoette.dk\/wp-content\/uploads\/2024\/10\/LOGO-2025-12-18T173153.742.png\",\"contentUrl\":\"https:\/\/psykosocialstoette.dk\/wp-content\/uploads\/2024\/10\/LOGO-2025-12-18T173153.742.png\",\"width\":630,\"height\":270,\"caption\":\"Psykosocial St\u00f8tte\"},\"image\":{\"@id\":\"https:\/\/psykosocialstoette.dk\/#\/schema\/logo\/image\/\"}}]}<\/script>\n<!-- \/ Yoast SEO plugin. -->","yoast_head_json":{"title":"Om Psykosocial St\u00f8tte | Kulturforst\u00e5else og tryghed i arbejdet","description":"L\u00e6s om baggrunden og tilgangen bag Psykosocial St\u00f8tte \u2013 erfaring i samarbejde med kommuner og forst\u00e5else for minoritets- og kulturdilemmaer.","robots":{"index":"index","follow":"follow","max-snippet":"max-snippet:-1","max-image-preview":"max-image-preview:large","max-video-preview":"max-video-preview:-1"},"canonical":"https:\/\/psykosocialstoette.dk\/en\/om-os\/","og_locale":"en_GB","og_type":"article","og_title":"Om Psykosocial St\u00f8tte | Kulturforst\u00e5else og tryghed i arbejdet","og_description":"L\u00e6s om baggrunden og tilgangen bag Psykosocial St\u00f8tte \u2013 erfaring i samarbejde med kommuner og forst\u00e5else for minoritets- og kulturdilemmaer.","og_url":"https:\/\/psykosocialstoette.dk\/en\/om-os\/","og_site_name":"Psykosocial St\u00f8tte","article_modified_time":"2026-02-20T07:56:17+00:00","twitter_card":"summary_large_image","twitter_misc":{"Estimated reading time":"2 minutes"},"schema":{"@context":"https:\/\/schema.org","@graph":[{"@type":"WebPage","@id":"https:\/\/psykosocialstoette.dk\/om-os\/","url":"https:\/\/psykosocialstoette.dk\/om-os\/","name":"Om Psykosocial St\u00f8tte | Kulturforst\u00e5else og tryghed i arbejdet","isPartOf":{"@id":"https:\/\/psykosocialstoette.dk\/#website"},"datePublished":"2025-12-19T06:57:53+00:00","dateModified":"2026-02-20T07:56:17+00:00","description":"L\u00e6s om baggrunden og tilgangen bag Psykosocial St\u00f8tte \u2013 erfaring i samarbejde med kommuner og forst\u00e5else for minoritets- og kulturdilemmaer.","breadcrumb":{"@id":"https:\/\/psykosocialstoette.dk\/om-os\/#breadcrumb"},"inLanguage":"en-GB","potentialAction":[{"@type":"ReadAction","target":["https:\/\/psykosocialstoette.dk\/om-os\/"]}]},{"@type":"BreadcrumbList","@id":"https:\/\/psykosocialstoette.dk\/om-os\/#breadcrumb","itemListElement":[{"@type":"ListItem","position":1,"name":"Home","item":"https:\/\/psykosocialstoette.dk\/"},{"@type":"ListItem","position":2,"name":"Om os"}]},{"@type":"WebSite","@id":"https:\/\/psykosocialstoette.dk\/#website","url":"https:\/\/psykosocialstoette.dk\/","name":"Psykosocial St\u00f8tte","description":"","publisher":{"@id":"https:\/\/psykosocialstoette.dk\/#organization"},"potentialAction":[{"@type":"SearchAction","target":{"@type":"EntryPoint","urlTemplate":"https:\/\/psykosocialstoette.dk\/?s={search_term_string}"},"query-input":{"@type":"PropertyValueSpecification","valueRequired":true,"valueName":"search_term_string"}}],"inLanguage":"en-GB"},{"@type":"Organization","@id":"https:\/\/psykosocialstoette.dk\/#organization","name":"Psykosocial St\u00f8tte","url":"https:\/\/psykosocialstoette.dk\/","logo":{"@type":"ImageObject","inLanguage":"en-GB","@id":"https:\/\/psykosocialstoette.dk\/#\/schema\/logo\/image\/","url":"https:\/\/psykosocialstoette.dk\/wp-content\/uploads\/2024\/10\/LOGO-2025-12-18T173153.742.png","contentUrl":"https:\/\/psykosocialstoette.dk\/wp-content\/uploads\/2024\/10\/LOGO-2025-12-18T173153.742.png","width":630,"height":270,"caption":"Psykosocial St\u00f8tte"},"image":{"@id":"https:\/\/psykosocialstoette.dk\/#\/schema\/logo\/image\/"}}]}},"_links":{"self":[{"href":"https:\/\/psykosocialstoette.dk\/en\/wp-json\/wp\/v2\/pages\/1919","targetHints":{"allow":["GET"]}}],"collection":[{"href":"https:\/\/psykosocialstoette.dk\/en\/wp-json\/wp\/v2\/pages"}],"about":[{"href":"https:\/\/psykosocialstoette.dk\/en\/wp-json\/wp\/v2\/types\/page"}],"author":[{"embeddable":true,"href":"https:\/\/psykosocialstoette.dk\/en\/wp-json\/wp\/v2\/users\/7"}],"replies":[{"embeddable":true,"href":"https:\/\/psykosocialstoette.dk\/en\/wp-json\/wp\/v2\/comments?post=1919"}],"version-history":[{"count":16,"href":"https:\/\/psykosocialstoette.dk\/en\/wp-json\/wp\/v2\/pages\/1919\/revisions"}],"predecessor-version":[{"id":2072,"href":"https:\/\/psykosocialstoette.dk\/en\/wp-json\/wp\/v2\/pages\/1919\/revisions\/2072"}],"wp:attachment":[{"href":"https:\/\/psykosocialstoette.dk\/en\/wp-json\/wp\/v2\/media?parent=1919"}],"curies":[{"name":"wp","href":"https:\/\/api.w.org\/{rel}","templated":true}]}}