{"id":2022,"date":"2025-12-21T12:04:46","date_gmt":"2025-12-21T11:04:46","guid":{"rendered":"https:\/\/psykosocialstoette.dk\/?page_id=2022"},"modified":"2026-02-20T08:55:37","modified_gmt":"2026-02-20T07:55:37","slug":"paragraf-75","status":"publish","type":"page","link":"https:\/\/psykosocialstoette.dk\/en\/paragraf-75\/","title":{"rendered":"Section 75 \u2013 Support contact person"},"content":{"rendered":"\t\t<div data-elementor-type=\"wp-page\" data-elementor-id=\"2022\" class=\"elementor elementor-2022\" data-elementor-post-type=\"page\">\n\t\t\t\t<div class=\"elementor-element elementor-element-10d6afb e-flex e-con-boxed e-con e-parent\" data-id=\"10d6afb\" data-element_type=\"container\" data-settings=\"{&quot;background_background&quot;:&quot;classic&quot;}\">\n\t\t\t\t\t<div class=\"e-con-inner\">\n\t\t<div class=\"elementor-element elementor-element-e05535a e-con-full e-flex e-con e-child\" data-id=\"e05535a\" data-element_type=\"container\">\n\t\t\t\t<div class=\"elementor-element elementor-element-a80f742 elementor-widget__width-auto elementor-widget elementor-widget-heading\" data-id=\"a80f742\" data-element_type=\"widget\" data-widget_type=\"heading.default\">\n\t\t\t\t<div class=\"elementor-widget-container\">\n\t\t\t\t\t<p class=\"elementor-heading-title elementor-size-default\">\u00a7 75<\/p>\t\t\t\t<\/div>\n\t\t\t\t<\/div>\n\t\t\t\t<div class=\"elementor-element elementor-element-8a12178 elementor-widget elementor-widget-heading\" data-id=\"8a12178\" data-element_type=\"widget\" data-widget_type=\"heading.default\">\n\t\t\t\t<div class=\"elementor-widget-container\">\n\t\t\t\t\t<h1 class=\"elementor-heading-title elementor-size-default\">St\u00f8tte- og kontaktperson til for\u00e6ldre med anbragte b\u00f8rn<\/h1>\t\t\t\t<\/div>\n\t\t\t\t<\/div>\n\t\t\t\t<div class=\"elementor-element elementor-element-bc7bdf3 elementor-widget__width-initial elementor-widget elementor-widget-text-editor\" data-id=\"bc7bdf3\" data-element_type=\"widget\" data-widget_type=\"text-editor.default\">\n\t\t\t\t<div class=\"elementor-widget-container\">\n\t\t\t\t\t\t\t\t\t<p data-start=\"197\" data-end=\"485\">Efter servicelovens \u00a7 75 kan for\u00e6ldre med anbragte b\u00f8rn tilbydes en st\u00f8tte- og kontaktperson. Vi hj\u00e6lper med at skabe overblik, bearbejde sv\u00e6re f\u00f8lelser og styrke for\u00e6ldrerollen under anbringelsen \u2013 i t\u00e6t og konstruktivt samarbejde med kommune og \u00f8vrige fagpersoner.<\/p>\t\t\t\t\t\t\t\t<\/div>\n\t\t\t\t<\/div>\n\t\t<div class=\"elementor-element elementor-element-be97df1 e-con-full e-flex e-con e-child\" data-id=\"be97df1\" data-element_type=\"container\">\n\t\t\t\t<div class=\"elementor-element elementor-element-5bfc86b elementor-mobile-align-justify elementor-widget-mobile__width-inherit elementor-align-justify elementor-widget__width-initial elementor-widget elementor-widget-button\" data-id=\"5bfc86b\" data-element_type=\"widget\" data-widget_type=\"button.default\">\n\t\t\t\t<div class=\"elementor-widget-container\">\n\t\t\t\t\t\t\t\t\t<div class=\"elementor-button-wrapper\">\n\t\t\t\t\t<a class=\"elementor-button elementor-button-link elementor-size-sm\" href=\"https:\/\/psykosocialstoette.dk\/en\/kontakt\/\">\n\t\t\t\t\t\t<span class=\"elementor-button-content-wrapper\">\n\t\t\t\t\t\t\t\t\t<span class=\"elementor-button-text\">Kontakt<\/span>\n\t\t\t\t\t<\/span>\n\t\t\t\t\t<\/a>\n\t\t\t\t<\/div>\n\t\t\t\t\t\t\t\t<\/div>\n\t\t\t\t<\/div>\n\t\t\t\t<div class=\"elementor-element elementor-element-a295f08 elementor-mobile-align-justify elementor-widget-mobile__width-inherit elementor-align-justify elementor-widget__width-initial elementor-widget elementor-widget-button\" data-id=\"a295f08\" data-element_type=\"widget\" data-widget_type=\"button.default\">\n\t\t\t\t<div class=\"elementor-widget-container\">\n\t\t\t\t\t\t\t\t\t<div class=\"elementor-button-wrapper\">\n\t\t\t\t\t<a class=\"elementor-button elementor-button-link elementor-size-sm\" href=\"tel:+45%2081%2071%2020%2085\">\n\t\t\t\t\t\t<span class=\"elementor-button-content-wrapper\">\n\t\t\t\t\t\t\t\t\t<span class=\"elementor-button-text\">+45 81 71 20 85<\/span>\n\t\t\t\t\t<\/span>\n\t\t\t\t\t<\/a>\n\t\t\t\t<\/div>\n\t\t\t\t\t\t\t\t<\/div>\n\t\t\t\t<\/div>\n\t\t\t\t<\/div>\n\t\t\t\t<\/div>\n\t\t\t\t\t<\/div>\n\t\t\t\t<\/div>\n\t\t<div class=\"elementor-element elementor-element-dc618bd e-flex e-con-boxed e-con e-parent\" data-id=\"dc618bd\" data-element_type=\"container\" data-settings=\"{&quot;background_background&quot;:&quot;classic&quot;}\">\n\t\t\t\t\t<div class=\"e-con-inner\">\n\t\t<div class=\"elementor-element elementor-element-a509259 e-con-full e-flex e-con e-child\" data-id=\"a509259\" data-element_type=\"container\">\n\t\t\t\t<div class=\"elementor-element elementor-element-fbf0932 elementor-widget__width-auto elementor-widget elementor-widget-heading\" data-id=\"fbf0932\" data-element_type=\"widget\" data-widget_type=\"heading.default\">\n\t\t\t\t<div class=\"elementor-widget-container\">\n\t\t\t\t\t<p class=\"elementor-heading-title elementor-size-default\">\u00a7 75 \u2013 st\u00f8tte til for\u00e6ldre<\/p>\t\t\t\t<\/div>\n\t\t\t\t<\/div>\n\t\t\t\t<div class=\"elementor-element elementor-element-50fb172 elementor-widget elementor-widget-heading\" data-id=\"50fb172\" data-element_type=\"widget\" data-widget_type=\"heading.default\">\n\t\t\t\t<div class=\"elementor-widget-container\">\n\t\t\t\t\t<h2 class=\"elementor-heading-title elementor-size-default\">St\u00f8tte- og kontaktperson <br>under anbringelsen<\/h2>\t\t\t\t<\/div>\n\t\t\t\t<\/div>\n\t\t<div class=\"elementor-element elementor-element-bbd2c01 e-con-full e-flex e-con e-child\" data-id=\"bbd2c01\" data-element_type=\"container\">\n\t\t\t\t<div class=\"elementor-element elementor-element-e1a7fe9 elementor-widget elementor-widget-text-editor\" data-id=\"e1a7fe9\" data-element_type=\"widget\" data-widget_type=\"text-editor.default\">\n\t\t\t\t<div class=\"elementor-widget-container\">\n\t\t\t\t\t\t\t\t\t<p data-start=\"309\" data-end=\"657\">Efter servicelovens \u00a7 75 kan for\u00e6ldre med anbragte b\u00f8rn tilbydes en st\u00f8tte- og kontaktperson. Form\u00e5let er at styrke for\u00e6ldre i en situation, der ofte kan v\u00e6re b\u00e5de f\u00f8lelsesm\u00e6ssigt og praktisk kr\u00e6vende. N\u00e5r et barn bliver anbragt, kan hverdagen \u00e6ndre sig markant, og det kan v\u00e6re sv\u00e6rt at bevare overblik, ro og retning midt i bekymringer og sorg.<\/p><p data-start=\"659\" data-end=\"1166\">Som st\u00f8tte- og kontaktperson hj\u00e6lper vi med at skabe struktur og overblik, s\u00e5 det bliver mere tydeligt, hvad der skal ske hvorn\u00e5r, og hvilke n\u00e6ste skridt der kan v\u00e6re relevante. Vi st\u00f8tter i at bearbejde sv\u00e6re f\u00f8lelser og reaktioner, som kan opst\u00e5 i forbindelse med anbringelsen, og vi arbejder med at styrke for\u00e6ldrerollen i den nye situation. Det kan bl.a. handle om at finde en m\u00e5de at v\u00e6re for\u00e6lder p\u00e5, n\u00e5r man ikke har barnet boende hjemme, og om at fastholde relationen p\u00e5 en tryg og ansvarlig m\u00e5de.<\/p><p data-start=\"1168\" data-end=\"1369\">Indsatsen kan ogs\u00e5 have fokus p\u00e5 at st\u00f8tte for\u00e6lderen i at f\u00e5 sat ord p\u00e5 behov og bekymringer, s\u00e5 det bliver lettere at navigere i de mange samtaler og beslutninger, der ofte f\u00f8lger med en anbringelse.<\/p>\t\t\t\t\t\t\t\t<\/div>\n\t\t\t\t<\/div>\n\t\t\t\t<div class=\"elementor-element elementor-element-56009f0 elementor-widget elementor-widget-text-editor\" data-id=\"56009f0\" data-element_type=\"widget\" data-widget_type=\"text-editor.default\">\n\t\t\t\t<div class=\"elementor-widget-container\">\n\t\t\t\t\t\t\t\t\t<div class=\"flex flex-col text-sm pb-25\"><article class=\"text-token-text-primary w-full focus:outline-none [--shadow-height:45px] has-data-writing-block:pointer-events-none has-data-writing-block:-mt-(--shadow-height) has-data-writing-block:pt-(--shadow-height) [&amp;:has([data-writing-block])&gt;*]:pointer-events-auto scroll-mt-[calc(var(--header-height)+min(200px,max(70px,20svh)))]\" dir=\"auto\" tabindex=\"-1\" data-turn-id=\"request-WEB:d47cb07d-954c-4e1c-af8c-1fc0093897e6-37\" data-testid=\"conversation-turn-66\" data-scroll-anchor=\"true\" data-turn=\"assistant\"><div class=\"text-base my-auto mx-auto pb-10 [--thread-content-margin:--spacing(4)] @w-sm\/main:[--thread-content-margin:--spacing(6)] @w-lg\/main:[--thread-content-margin:--spacing(16)] px-(--thread-content-margin)\"><div class=\"[--thread-content-max-width:40rem] @w-lg\/main:[--thread-content-max-width:48rem] mx-auto max-w-(--thread-content-max-width) flex-1 group\/turn-messages focus-visible:outline-hidden relative flex w-full min-w-0 flex-col agent-turn\" tabindex=\"-1\"><div class=\"flex max-w-full flex-col grow\"><div class=\"min-h-8 text-message relative flex w-full flex-col items-end gap-2 text-start break-words whitespace-normal [.text-message+&amp;]:mt-1\" dir=\"auto\" data-message-author-role=\"assistant\" data-message-id=\"6a275235-699d-47c4-beae-b63d4a337f26\" data-message-model-slug=\"gpt-5-2-thinking\"><div class=\"flex w-full flex-col gap-1 empty:hidden first:pt-[1px]\"><div class=\"markdown prose dark:prose-invert w-full break-words light markdown-new-styling\"><p data-start=\"1401\" data-end=\"1807\">En central del af indsatsen kan v\u00e6re st\u00f8tte i samarbejdet med kommunen og \u00f8vrige fagpersoner. Vi hj\u00e6lper med at skabe overblik over m\u00f8der, aftaler og forventninger, s\u00e5 kommunikationen bliver s\u00e5 tydelig og konstruktiv som muligt. For nogle kan det v\u00e6re en stor hj\u00e6lp at forberede sig til m\u00f8der, have st\u00f8tte til at forst\u00e5 informationer og f\u00e5 ro til at reflektere over, hvad man gerne vil sige og sp\u00f8rge om.<\/p><p data-start=\"1809\" data-end=\"2245\">Vi arbejder ogs\u00e5 med forberedelse til samv\u00e6r, hvor vi kan st\u00f8tte i at skabe trygge rammer f\u00f8r, under og efter samv\u00e6r. Det kan handle om at forholde sig til det, der er sv\u00e6rt, og samtidig bevare fokus p\u00e5 barnets trivsel og relationen mellem barn og for\u00e6lder. Derudover arbejder vi med refleksion over for\u00e6ldreskab, ressourcer og udviklingsmuligheder \u2013 med blik for b\u00e5de det, der allerede fungerer, og det, der kan styrkes fremadrettet.<\/p><p data-start=\"2247\" data-end=\"2480\" data-is-last-node=\"\" data-is-only-node=\"\">Indsatsen tilpasses den enkelte for\u00e6lders behov og tager udgangspunkt i den konkrete situation. M\u00e5let er at skabe mere tryghed og stabilitet i en udfordrende periode og st\u00f8tte op om et konstruktivt samarbejde omkring barnets trivsel.<\/p><\/div><\/div><\/div><\/div><\/div><\/div><\/article><\/div>\t\t\t\t\t\t\t\t<\/div>\n\t\t\t\t<\/div>\n\t\t\t\t<\/div>\n\t\t<div class=\"elementor-element elementor-element-b9f0f41 e-con-full e-flex e-con e-child\" data-id=\"b9f0f41\" data-element_type=\"container\">\n\t\t\t\t<div class=\"elementor-element elementor-element-7faeb24 elementor-mobile-align-justify elementor-widget-mobile__width-inherit elementor-align-justify elementor-widget__width-initial elementor-widget elementor-widget-button\" data-id=\"7faeb24\" data-element_type=\"widget\" data-widget_type=\"button.default\">\n\t\t\t\t<div class=\"elementor-widget-container\">\n\t\t\t\t\t\t\t\t\t<div class=\"elementor-button-wrapper\">\n\t\t\t\t\t<a class=\"elementor-button elementor-button-link elementor-size-sm\" href=\"https:\/\/psykosocialstoette.dk\/en\/kontakt\/\">\n\t\t\t\t\t\t<span class=\"elementor-button-content-wrapper\">\n\t\t\t\t\t\t\t\t\t<span class=\"elementor-button-text\">Kontakt<\/span>\n\t\t\t\t\t<\/span>\n\t\t\t\t\t<\/a>\n\t\t\t\t<\/div>\n\t\t\t\t\t\t\t\t<\/div>\n\t\t\t\t<\/div>\n\t\t\t\t<div class=\"elementor-element elementor-element-60d5394 elementor-mobile-align-justify elementor-widget-mobile__width-inherit elementor-align-justify elementor-widget__width-initial elementor-widget elementor-widget-button\" data-id=\"60d5394\" data-element_type=\"widget\" data-widget_type=\"button.default\">\n\t\t\t\t<div class=\"elementor-widget-container\">\n\t\t\t\t\t\t\t\t\t<div class=\"elementor-button-wrapper\">\n\t\t\t\t\t<a class=\"elementor-button elementor-button-link elementor-size-sm\" href=\"tel:+45%2081%2071%2020%2085\">\n\t\t\t\t\t\t<span class=\"elementor-button-content-wrapper\">\n\t\t\t\t\t\t\t\t\t<span class=\"elementor-button-text\">+45 81 71 20 85<\/span>\n\t\t\t\t\t<\/span>\n\t\t\t\t\t<\/a>\n\t\t\t\t<\/div>\n\t\t\t\t\t\t\t\t<\/div>\n\t\t\t\t<\/div>\n\t\t\t\t<\/div>\n\t\t\t\t<\/div>\n\t\t\t\t\t<\/div>\n\t\t\t\t<\/div>\n\t\t\t\t<\/div>\n\t\t","protected":false},"excerpt":{"rendered":"<p>\u00a7 75 St\u00f8tte- og kontaktperson til for\u00e6ldre med anbragte b\u00f8rn Efter servicelovens \u00a7 75 kan for\u00e6ldre med anbragte b\u00f8rn tilbydes en st\u00f8tte- og kontaktperson. Vi hj\u00e6lper med at skabe overblik, bearbejde sv\u00e6re f\u00f8lelser og styrke for\u00e6ldrerollen under anbringelsen \u2013 i t\u00e6t og konstruktivt samarbejde med kommune og \u00f8vrige fagpersoner. Kontakt \u00a7 75 \u2013 st\u00f8tte til [&hellip;]<\/p>\n","protected":false},"author":7,"featured_media":0,"parent":0,"menu_order":0,"comment_status":"closed","ping_status":"closed","template":"","meta":{"_acf_changed":false,"footnotes":""},"class_list":["post-2022","page","type-page","status-publish","hentry"],"acf":[],"yoast_head":"<!-- This site is optimized with the Yoast SEO plugin v26.7 - https:\/\/yoast.com\/wordpress\/plugins\/seo\/ -->\n<title>\u00a775 st\u00f8tte- og kontaktperson | anbragte b\u00f8rn | Psykosocial St\u00f8tte<\/title>\n<meta name=\"description\" content=\"St\u00f8tte efter \u00a775 til for\u00e6ldre med anbragte b\u00f8rn. Hj\u00e6lp til overblik, for\u00e6ldrerolle, samarbejde med kommune og forberedelse til samv\u00e6r.\" \/>\n<meta name=\"robots\" content=\"index, follow, max-snippet:-1, max-image-preview:large, max-video-preview:-1\" \/>\n<link rel=\"canonical\" href=\"https:\/\/psykosocialstoette.dk\/en\/paragraf-75\/\" \/>\n<meta property=\"og:locale\" content=\"en_GB\" \/>\n<meta property=\"og:type\" content=\"article\" \/>\n<meta property=\"og:title\" content=\"\u00a775 st\u00f8tte- og kontaktperson | anbragte b\u00f8rn | Psykosocial St\u00f8tte\" \/>\n<meta property=\"og:description\" content=\"St\u00f8tte efter \u00a775 til for\u00e6ldre med anbragte b\u00f8rn. Hj\u00e6lp til overblik, for\u00e6ldrerolle, samarbejde med kommune og forberedelse til samv\u00e6r.\" \/>\n<meta property=\"og:url\" content=\"https:\/\/psykosocialstoette.dk\/en\/paragraf-75\/\" \/>\n<meta property=\"og:site_name\" content=\"Psykosocial St\u00f8tte\" \/>\n<meta property=\"article:modified_time\" content=\"2026-02-20T07:55:37+00:00\" \/>\n<meta name=\"twitter:card\" content=\"summary_large_image\" \/>\n<meta name=\"twitter:label1\" content=\"Estimated reading time\" \/>\n\t<meta name=\"twitter:data1\" content=\"3 minutes\" \/>\n<script type=\"application\/ld+json\" class=\"yoast-schema-graph\">{\"@context\":\"https:\/\/schema.org\",\"@graph\":[{\"@type\":\"WebPage\",\"@id\":\"https:\/\/psykosocialstoette.dk\/paragraf-75\/\",\"url\":\"https:\/\/psykosocialstoette.dk\/paragraf-75\/\",\"name\":\"\u00a775 st\u00f8tte- og kontaktperson | anbragte b\u00f8rn | Psykosocial St\u00f8tte\",\"isPartOf\":{\"@id\":\"https:\/\/psykosocialstoette.dk\/#website\"},\"datePublished\":\"2025-12-21T11:04:46+00:00\",\"dateModified\":\"2026-02-20T07:55:37+00:00\",\"description\":\"St\u00f8tte efter \u00a775 til for\u00e6ldre med anbragte b\u00f8rn. Hj\u00e6lp til overblik, for\u00e6ldrerolle, samarbejde med kommune og forberedelse til samv\u00e6r.\",\"breadcrumb\":{\"@id\":\"https:\/\/psykosocialstoette.dk\/paragraf-75\/#breadcrumb\"},\"inLanguage\":\"en-GB\",\"potentialAction\":[{\"@type\":\"ReadAction\",\"target\":[\"https:\/\/psykosocialstoette.dk\/paragraf-75\/\"]}]},{\"@type\":\"BreadcrumbList\",\"@id\":\"https:\/\/psykosocialstoette.dk\/paragraf-75\/#breadcrumb\",\"itemListElement\":[{\"@type\":\"ListItem\",\"position\":1,\"name\":\"Home\",\"item\":\"https:\/\/psykosocialstoette.dk\/\"},{\"@type\":\"ListItem\",\"position\":2,\"name\":\"Paragraf 75\"}]},{\"@type\":\"WebSite\",\"@id\":\"https:\/\/psykosocialstoette.dk\/#website\",\"url\":\"https:\/\/psykosocialstoette.dk\/\",\"name\":\"Psykosocial St\u00f8tte\",\"description\":\"\",\"publisher\":{\"@id\":\"https:\/\/psykosocialstoette.dk\/#organization\"},\"potentialAction\":[{\"@type\":\"SearchAction\",\"target\":{\"@type\":\"EntryPoint\",\"urlTemplate\":\"https:\/\/psykosocialstoette.dk\/?s={search_term_string}\"},\"query-input\":{\"@type\":\"PropertyValueSpecification\",\"valueRequired\":true,\"valueName\":\"search_term_string\"}}],\"inLanguage\":\"en-GB\"},{\"@type\":\"Organization\",\"@id\":\"https:\/\/psykosocialstoette.dk\/#organization\",\"name\":\"Psykosocial St\u00f8tte\",\"url\":\"https:\/\/psykosocialstoette.dk\/\",\"logo\":{\"@type\":\"ImageObject\",\"inLanguage\":\"en-GB\",\"@id\":\"https:\/\/psykosocialstoette.dk\/#\/schema\/logo\/image\/\",\"url\":\"https:\/\/psykosocialstoette.dk\/wp-content\/uploads\/2024\/10\/LOGO-2025-12-18T173153.742.png\",\"contentUrl\":\"https:\/\/psykosocialstoette.dk\/wp-content\/uploads\/2024\/10\/LOGO-2025-12-18T173153.742.png\",\"width\":630,\"height\":270,\"caption\":\"Psykosocial St\u00f8tte\"},\"image\":{\"@id\":\"https:\/\/psykosocialstoette.dk\/#\/schema\/logo\/image\/\"}}]}<\/script>\n<!-- \/ Yoast SEO plugin. -->","yoast_head_json":{"title":"\u00a775 st\u00f8tte- og kontaktperson | anbragte b\u00f8rn | Psykosocial St\u00f8tte","description":"St\u00f8tte efter \u00a775 til for\u00e6ldre med anbragte b\u00f8rn. Hj\u00e6lp til overblik, for\u00e6ldrerolle, samarbejde med kommune og forberedelse til samv\u00e6r.","robots":{"index":"index","follow":"follow","max-snippet":"max-snippet:-1","max-image-preview":"max-image-preview:large","max-video-preview":"max-video-preview:-1"},"canonical":"https:\/\/psykosocialstoette.dk\/en\/paragraf-75\/","og_locale":"en_GB","og_type":"article","og_title":"\u00a775 st\u00f8tte- og kontaktperson | anbragte b\u00f8rn | Psykosocial St\u00f8tte","og_description":"St\u00f8tte efter \u00a775 til for\u00e6ldre med anbragte b\u00f8rn. Hj\u00e6lp til overblik, for\u00e6ldrerolle, samarbejde med kommune og forberedelse til samv\u00e6r.","og_url":"https:\/\/psykosocialstoette.dk\/en\/paragraf-75\/","og_site_name":"Psykosocial St\u00f8tte","article_modified_time":"2026-02-20T07:55:37+00:00","twitter_card":"summary_large_image","twitter_misc":{"Estimated reading time":"3 minutes"},"schema":{"@context":"https:\/\/schema.org","@graph":[{"@type":"WebPage","@id":"https:\/\/psykosocialstoette.dk\/paragraf-75\/","url":"https:\/\/psykosocialstoette.dk\/paragraf-75\/","name":"\u00a775 st\u00f8tte- og kontaktperson | anbragte b\u00f8rn | Psykosocial St\u00f8tte","isPartOf":{"@id":"https:\/\/psykosocialstoette.dk\/#website"},"datePublished":"2025-12-21T11:04:46+00:00","dateModified":"2026-02-20T07:55:37+00:00","description":"St\u00f8tte efter \u00a775 til for\u00e6ldre med anbragte b\u00f8rn. Hj\u00e6lp til overblik, for\u00e6ldrerolle, samarbejde med kommune og forberedelse til samv\u00e6r.","breadcrumb":{"@id":"https:\/\/psykosocialstoette.dk\/paragraf-75\/#breadcrumb"},"inLanguage":"en-GB","potentialAction":[{"@type":"ReadAction","target":["https:\/\/psykosocialstoette.dk\/paragraf-75\/"]}]},{"@type":"BreadcrumbList","@id":"https:\/\/psykosocialstoette.dk\/paragraf-75\/#breadcrumb","itemListElement":[{"@type":"ListItem","position":1,"name":"Home","item":"https:\/\/psykosocialstoette.dk\/"},{"@type":"ListItem","position":2,"name":"Paragraf 75"}]},{"@type":"WebSite","@id":"https:\/\/psykosocialstoette.dk\/#website","url":"https:\/\/psykosocialstoette.dk\/","name":"Psykosocial St\u00f8tte","description":"","publisher":{"@id":"https:\/\/psykosocialstoette.dk\/#organization"},"potentialAction":[{"@type":"SearchAction","target":{"@type":"EntryPoint","urlTemplate":"https:\/\/psykosocialstoette.dk\/?s={search_term_string}"},"query-input":{"@type":"PropertyValueSpecification","valueRequired":true,"valueName":"search_term_string"}}],"inLanguage":"en-GB"},{"@type":"Organization","@id":"https:\/\/psykosocialstoette.dk\/#organization","name":"Psykosocial St\u00f8tte","url":"https:\/\/psykosocialstoette.dk\/","logo":{"@type":"ImageObject","inLanguage":"en-GB","@id":"https:\/\/psykosocialstoette.dk\/#\/schema\/logo\/image\/","url":"https:\/\/psykosocialstoette.dk\/wp-content\/uploads\/2024\/10\/LOGO-2025-12-18T173153.742.png","contentUrl":"https:\/\/psykosocialstoette.dk\/wp-content\/uploads\/2024\/10\/LOGO-2025-12-18T173153.742.png","width":630,"height":270,"caption":"Psykosocial St\u00f8tte"},"image":{"@id":"https:\/\/psykosocialstoette.dk\/#\/schema\/logo\/image\/"}}]}},"_links":{"self":[{"href":"https:\/\/psykosocialstoette.dk\/en\/wp-json\/wp\/v2\/pages\/2022","targetHints":{"allow":["GET"]}}],"collection":[{"href":"https:\/\/psykosocialstoette.dk\/en\/wp-json\/wp\/v2\/pages"}],"about":[{"href":"https:\/\/psykosocialstoette.dk\/en\/wp-json\/wp\/v2\/types\/page"}],"author":[{"embeddable":true,"href":"https:\/\/psykosocialstoette.dk\/en\/wp-json\/wp\/v2\/users\/7"}],"replies":[{"embeddable":true,"href":"https:\/\/psykosocialstoette.dk\/en\/wp-json\/wp\/v2\/comments?post=2022"}],"version-history":[{"count":10,"href":"https:\/\/psykosocialstoette.dk\/en\/wp-json\/wp\/v2\/pages\/2022\/revisions"}],"predecessor-version":[{"id":2069,"href":"https:\/\/psykosocialstoette.dk\/en\/wp-json\/wp\/v2\/pages\/2022\/revisions\/2069"}],"wp:attachment":[{"href":"https:\/\/psykosocialstoette.dk\/en\/wp-json\/wp\/v2\/media?parent=2022"}],"curies":[{"name":"wp","href":"https:\/\/api.w.org\/{rel}","templated":true}]}}